{"id":1518,"date":"2020-09-20T12:39:50","date_gmt":"2020-09-20T12:39:50","guid":{"rendered":"https:\/\/konrad-vetter.ch\/dervetter\/?page_id=1518"},"modified":"2020-10-11T21:16:53","modified_gmt":"2020-10-11T21:16:53","slug":"2005-2","status":"publish","type":"page","link":"https:\/\/konrad-vetter.ch\/dervetter\/2005-2\/","title":{"rendered":"2005"},"content":{"rendered":"\t\t<div data-elementor-type=\"wp-page\" data-elementor-id=\"1518\" class=\"elementor elementor-1518\">\n\t\t\t\t\t\t<div class=\"elementor-inner\">\n\t\t\t\t<div class=\"elementor-section-wrap\">\n\t\t\t\t\t\t\t\t\t<section class=\"elementor-section elementor-top-section elementor-element elementor-element-493ae04 elementor-section-boxed elementor-section-height-default elementor-section-height-default\" data-id=\"493ae04\" data-element_type=\"section\">\n\t\t\t\t\t\t<div class=\"elementor-container elementor-column-gap-default\">\n\t\t\t\t\t\t\t<div class=\"elementor-row\">\n\t\t\t\t\t<div class=\"elementor-column elementor-col-100 elementor-top-column elementor-element elementor-element-1321a2bd\" data-id=\"1321a2bd\" data-element_type=\"column\">\n\t\t\t<div class=\"elementor-column-wrap elementor-element-populated\">\n\t\t\t\t\t\t\t<div class=\"elementor-widget-wrap\">\n\t\t\t\t\t\t<div class=\"elementor-element elementor-element-570d7274 elementor-widget elementor-widget-heading\" data-id=\"570d7274\" data-element_type=\"widget\" data-widget_type=\"heading.default\">\n\t\t\t\t<div class=\"elementor-widget-container\">\n\t\t\t<h2 class=\"elementor-heading-title elementor-size-default\">2005<\/h2>\t\t<\/div>\n\t\t\t\t<\/div>\n\t\t\t\t\t\t<\/div>\n\t\t\t\t\t<\/div>\n\t\t<\/div>\n\t\t\t\t\t\t\t\t<\/div>\n\t\t\t\t\t<\/div>\n\t\t<\/section>\n\t\t\t\t<section class=\"elementor-section elementor-top-section elementor-element elementor-element-4962555 elementor-section-boxed elementor-section-height-default elementor-section-height-default\" data-id=\"4962555\" data-element_type=\"section\">\n\t\t\t\t\t\t<div class=\"elementor-container elementor-column-gap-default\">\n\t\t\t\t\t\t\t<div class=\"elementor-row\">\n\t\t\t\t\t<div class=\"elementor-column elementor-col-100 elementor-top-column elementor-element elementor-element-eb52c0d\" data-id=\"eb52c0d\" data-element_type=\"column\">\n\t\t\t<div class=\"elementor-column-wrap elementor-element-populated\">\n\t\t\t\t\t\t\t<div class=\"elementor-widget-wrap\">\n\t\t\t\t\t\t<div class=\"elementor-element elementor-element-504e887 elementor-widget elementor-widget-image-gallery\" data-id=\"504e887\" data-element_type=\"widget\" data-widget_type=\"image-gallery.default\">\n\t\t\t\t<div class=\"elementor-widget-container\">\n\t\t\t\t\t<div class=\"elementor-image-gallery\">\n\t\t\t\n\t\t<style type=\"text\/css\">\n\t\t\t#gallery-1 {\n\t\t\t\tmargin: auto;\n\t\t\t}\n\t\t\t#gallery-1 .gallery-item {\n\t\t\t\tfloat: left;\n\t\t\t\tmargin-top: 10px;\n\t\t\t\ttext-align: center;\n\t\t\t\twidth: 33%;\n\t\t\t}\n\t\t\t#gallery-1 img {\n\t\t\t\tborder: 2px solid #cfcfcf;\n\t\t\t}\n\t\t\t#gallery-1 .gallery-caption {\n\t\t\t\tmargin-left: 0;\n\t\t\t}\n\t\t\t\/* see gallery_shortcode() in wp-includes\/media.php *\/\n\t\t<\/style>\n\t\t<div id='gallery-1' class='gallery galleryid-1518 gallery-columns-3 gallery-size-medium'><dl class='gallery-item'>\n\t\t\t<dt class='gallery-icon portrait'>\n\t\t\t\t<a data-elementor-open-lightbox=\"yes\" data-elementor-lightbox-slideshow=\"504e887\" data-elementor-lightbox-title=\"Amor Infiniti\" data-elementor-lightbox-description=\"Farbstiften, Bleistift\" e-action-hash=\"#elementor-action%3Aaction%3Dlightbox%26settings%3DeyJpZCI6MTQzNSwidXJsIjoiaHR0cHM6XC9cL2tvbnJhZC12ZXR0ZXIuY2hcL2RlcnZldHRlclwvd3AtY29udGVudFwvdXBsb2Fkc1wvMjAyMFwvMDlcLzY0X0Ftb3JJbmZpbml0aS5qcGciLCJzbGlkZXNob3ciOiI1MDRlODg3In0%3D\" href='https:\/\/konrad-vetter.ch\/dervetter\/wp-content\/uploads\/2020\/09\/64_AmorInfiniti.jpg'><img width=\"254\" height=\"300\" src=\"https:\/\/konrad-vetter.ch\/dervetter\/wp-content\/uploads\/2020\/09\/64_AmorInfiniti-254x300.jpg\" class=\"attachment-medium size-medium\" alt=\"\" loading=\"lazy\" aria-describedby=\"gallery-1-1435\" srcset=\"https:\/\/konrad-vetter.ch\/dervetter\/wp-content\/uploads\/2020\/09\/64_AmorInfiniti-254x300.jpg 254w, https:\/\/konrad-vetter.ch\/dervetter\/wp-content\/uploads\/2020\/09\/64_AmorInfiniti-867x1024.jpg 867w, https:\/\/konrad-vetter.ch\/dervetter\/wp-content\/uploads\/2020\/09\/64_AmorInfiniti-768x907.jpg 768w, https:\/\/konrad-vetter.ch\/dervetter\/wp-content\/uploads\/2020\/09\/64_AmorInfiniti-1301x1536.jpg 1301w, https:\/\/konrad-vetter.ch\/dervetter\/wp-content\/uploads\/2020\/09\/64_AmorInfiniti-1735x2048.jpg 1735w, https:\/\/konrad-vetter.ch\/dervetter\/wp-content\/uploads\/2020\/09\/64_AmorInfiniti.jpg 1743w\" sizes=\"(max-width: 254px) 100vw, 254px\" \/><\/a>\n\t\t\t<\/dt>\n\t\t\t\t<dd class='wp-caption-text gallery-caption' id='gallery-1-1435'>\n\t\t\t\tAmor Infiniti\n\n\t\t\t\t<\/dd><\/dl><dl class='gallery-item'>\n\t\t\t<dt class='gallery-icon portrait'>\n\t\t\t\t<a data-elementor-open-lightbox=\"yes\" data-elementor-lightbox-slideshow=\"504e887\" data-elementor-lightbox-title=\"Amor Infiniti\" data-elementor-lightbox-description=\"Farbstiften, Bleistift\" e-action-hash=\"#elementor-action%3Aaction%3Dlightbox%26settings%3DeyJpZCI6MTQzNCwidXJsIjoiaHR0cHM6XC9cL2tvbnJhZC12ZXR0ZXIuY2hcL2RlcnZldHRlclwvd3AtY29udGVudFwvdXBsb2Fkc1wvMjAyMFwvMDlcLzYyX0Ftb3JJbmZpbml0aS5qcGciLCJzbGlkZXNob3ciOiI1MDRlODg3In0%3D\" href='https:\/\/konrad-vetter.ch\/dervetter\/wp-content\/uploads\/2020\/09\/62_AmorInfiniti.jpg'><img width=\"240\" height=\"300\" src=\"https:\/\/konrad-vetter.ch\/dervetter\/wp-content\/uploads\/2020\/09\/62_AmorInfiniti-240x300.jpg\" class=\"attachment-medium size-medium\" alt=\"\" loading=\"lazy\" aria-describedby=\"gallery-1-1434\" srcset=\"https:\/\/konrad-vetter.ch\/dervetter\/wp-content\/uploads\/2020\/09\/62_AmorInfiniti-240x300.jpg 240w, https:\/\/konrad-vetter.ch\/dervetter\/wp-content\/uploads\/2020\/09\/62_AmorInfiniti-818x1024.jpg 818w, https:\/\/konrad-vetter.ch\/dervetter\/wp-content\/uploads\/2020\/09\/62_AmorInfiniti-768x961.jpg 768w, https:\/\/konrad-vetter.ch\/dervetter\/wp-content\/uploads\/2020\/09\/62_AmorInfiniti-1227x1536.jpg 1227w, https:\/\/konrad-vetter.ch\/dervetter\/wp-content\/uploads\/2020\/09\/62_AmorInfiniti.jpg 1460w\" sizes=\"(max-width: 240px) 100vw, 240px\" \/><\/a>\n\t\t\t<\/dt>\n\t\t\t\t<dd class='wp-caption-text gallery-caption' id='gallery-1-1434'>\n\t\t\t\tAmor Infiniti\n\n\t\t\t\t<\/dd><\/dl><dl class='gallery-item'>\n\t\t\t<dt class='gallery-icon landscape'>\n\t\t\t\t<a data-elementor-open-lightbox=\"yes\" data-elementor-lightbox-slideshow=\"504e887\" data-elementor-lightbox-title=\"Amor Infiniti\" data-elementor-lightbox-description=\"Bleistift\" e-action-hash=\"#elementor-action%3Aaction%3Dlightbox%26settings%3DeyJpZCI6MTQzMywidXJsIjoiaHR0cHM6XC9cL2tvbnJhZC12ZXR0ZXIuY2hcL2RlcnZldHRlclwvd3AtY29udGVudFwvdXBsb2Fkc1wvMjAyMFwvMDlcLzYxX0Ftb3JJbmZpbml0aS5qcGciLCJzbGlkZXNob3ciOiI1MDRlODg3In0%3D\" href='https:\/\/konrad-vetter.ch\/dervetter\/wp-content\/uploads\/2020\/09\/61_AmorInfiniti.jpg'><img width=\"300\" height=\"222\" src=\"https:\/\/konrad-vetter.ch\/dervetter\/wp-content\/uploads\/2020\/09\/61_AmorInfiniti-300x222.jpg\" class=\"attachment-medium size-medium\" alt=\"\" loading=\"lazy\" aria-describedby=\"gallery-1-1433\" srcset=\"https:\/\/konrad-vetter.ch\/dervetter\/wp-content\/uploads\/2020\/09\/61_AmorInfiniti-300x222.jpg 300w, https:\/\/konrad-vetter.ch\/dervetter\/wp-content\/uploads\/2020\/09\/61_AmorInfiniti-1024x757.jpg 1024w, https:\/\/konrad-vetter.ch\/dervetter\/wp-content\/uploads\/2020\/09\/61_AmorInfiniti-768x568.jpg 768w, https:\/\/konrad-vetter.ch\/dervetter\/wp-content\/uploads\/2020\/09\/61_AmorInfiniti-1536x1135.jpg 1536w, https:\/\/konrad-vetter.ch\/dervetter\/wp-content\/uploads\/2020\/09\/61_AmorInfiniti-2048x1513.jpg 2048w\" sizes=\"(max-width: 300px) 100vw, 300px\" \/><\/a>\n\t\t\t<\/dt>\n\t\t\t\t<dd class='wp-caption-text gallery-caption' id='gallery-1-1433'>\n\t\t\t\tAmor Infiniti\n\n\t\t\t\t<\/dd><\/dl><br style=\"clear: both\" \/><dl class='gallery-item'>\n\t\t\t<dt class='gallery-icon portrait'>\n\t\t\t\t<a data-elementor-open-lightbox=\"yes\" data-elementor-lightbox-slideshow=\"504e887\" data-elementor-lightbox-title=\"das karolingische Kreuz\" data-elementor-lightbox-description=\"Farbstiften, Bleistift\" e-action-hash=\"#elementor-action%3Aaction%3Dlightbox%26settings%3DeyJpZCI6MTQzMiwidXJsIjoiaHR0cHM6XC9cL2tvbnJhZC12ZXR0ZXIuY2hcL2RlcnZldHRlclwvd3AtY29udGVudFwvdXBsb2Fkc1wvMjAyMFwvMDlcLzI5X0Rhc0thcm9saW5naXNjaGVLcmV1ei5qcGciLCJzbGlkZXNob3ciOiI1MDRlODg3In0%3D\" href='https:\/\/konrad-vetter.ch\/dervetter\/wp-content\/uploads\/2020\/09\/29_DasKarolingischeKreuz.jpg'><img width=\"269\" height=\"300\" src=\"https:\/\/konrad-vetter.ch\/dervetter\/wp-content\/uploads\/2020\/09\/29_DasKarolingischeKreuz-269x300.jpg\" class=\"attachment-medium size-medium\" alt=\"\" loading=\"lazy\" aria-describedby=\"gallery-1-1432\" srcset=\"https:\/\/konrad-vetter.ch\/dervetter\/wp-content\/uploads\/2020\/09\/29_DasKarolingischeKreuz-269x300.jpg 269w, https:\/\/konrad-vetter.ch\/dervetter\/wp-content\/uploads\/2020\/09\/29_DasKarolingischeKreuz-920x1024.jpg 920w, https:\/\/konrad-vetter.ch\/dervetter\/wp-content\/uploads\/2020\/09\/29_DasKarolingischeKreuz-768x855.jpg 768w, https:\/\/konrad-vetter.ch\/dervetter\/wp-content\/uploads\/2020\/09\/29_DasKarolingischeKreuz-1380x1536.jpg 1380w, https:\/\/konrad-vetter.ch\/dervetter\/wp-content\/uploads\/2020\/09\/29_DasKarolingischeKreuz.jpg 1818w\" sizes=\"(max-width: 269px) 100vw, 269px\" \/><\/a>\n\t\t\t<\/dt>\n\t\t\t\t<dd class='wp-caption-text gallery-caption' id='gallery-1-1432'>\n\t\t\t\tdas karolingische Kreuz\n\n\t\t\t\t<\/dd><\/dl><dl class='gallery-item'>\n\t\t\t<dt class='gallery-icon portrait'>\n\t\t\t\t<a data-elementor-open-lightbox=\"yes\" data-elementor-lightbox-slideshow=\"504e887\" data-elementor-lightbox-title=\"Verschr\u00e4nkungen\" data-elementor-lightbox-description=\"Wasserfarben, Collage\" e-action-hash=\"#elementor-action%3Aaction%3Dlightbox%26settings%3DeyJpZCI6MTQzMSwidXJsIjoiaHR0cHM6XC9cL2tvbnJhZC12ZXR0ZXIuY2hcL2RlcnZldHRlclwvd3AtY29udGVudFwvdXBsb2Fkc1wvMjAyMFwvMDlcLzI1X1ZlcnNjaHJhZW5rdW5nZW4uanBnIiwic2xpZGVzaG93IjoiNTA0ZTg4NyJ9\" href='https:\/\/konrad-vetter.ch\/dervetter\/wp-content\/uploads\/2020\/09\/25_Verschraenkungen.jpg'><img width=\"223\" height=\"300\" src=\"https:\/\/konrad-vetter.ch\/dervetter\/wp-content\/uploads\/2020\/09\/25_Verschraenkungen-223x300.jpg\" class=\"attachment-medium size-medium\" alt=\"\" loading=\"lazy\" aria-describedby=\"gallery-1-1431\" srcset=\"https:\/\/konrad-vetter.ch\/dervetter\/wp-content\/uploads\/2020\/09\/25_Verschraenkungen-223x300.jpg 223w, https:\/\/konrad-vetter.ch\/dervetter\/wp-content\/uploads\/2020\/09\/25_Verschraenkungen-761x1024.jpg 761w, https:\/\/konrad-vetter.ch\/dervetter\/wp-content\/uploads\/2020\/09\/25_Verschraenkungen-768x1033.jpg 768w, https:\/\/konrad-vetter.ch\/dervetter\/wp-content\/uploads\/2020\/09\/25_Verschraenkungen-1142x1536.jpg 1142w, https:\/\/konrad-vetter.ch\/dervetter\/wp-content\/uploads\/2020\/09\/25_Verschraenkungen.jpg 1484w\" sizes=\"(max-width: 223px) 100vw, 223px\" \/><\/a>\n\t\t\t<\/dt>\n\t\t\t\t<dd class='wp-caption-text gallery-caption' id='gallery-1-1431'>\n\t\t\t\tVerschr\u00e4nkungen\n\n\t\t\t\t<\/dd><\/dl><dl class='gallery-item'>\n\t\t\t<dt class='gallery-icon portrait'>\n\t\t\t\t<a data-elementor-open-lightbox=\"yes\" data-elementor-lightbox-slideshow=\"504e887\" data-elementor-lightbox-title=\"Verschr\u00e4nkungen\" data-elementor-lightbox-description=\"Wasserfarben, Collage\" e-action-hash=\"#elementor-action%3Aaction%3Dlightbox%26settings%3DeyJpZCI6MTQzMCwidXJsIjoiaHR0cHM6XC9cL2tvbnJhZC12ZXR0ZXIuY2hcL2RlcnZldHRlclwvd3AtY29udGVudFwvdXBsb2Fkc1wvMjAyMFwvMDlcLzI0X1ZlcnNjaHJhZW5rdW5nZW4uanBnIiwic2xpZGVzaG93IjoiNTA0ZTg4NyJ9\" href='https:\/\/konrad-vetter.ch\/dervetter\/wp-content\/uploads\/2020\/09\/24_Verschraenkungen.jpg'><img width=\"224\" height=\"300\" src=\"https:\/\/konrad-vetter.ch\/dervetter\/wp-content\/uploads\/2020\/09\/24_Verschraenkungen-224x300.jpg\" class=\"attachment-medium size-medium\" alt=\"\" loading=\"lazy\" aria-describedby=\"gallery-1-1430\" srcset=\"https:\/\/konrad-vetter.ch\/dervetter\/wp-content\/uploads\/2020\/09\/24_Verschraenkungen-224x300.jpg 224w, https:\/\/konrad-vetter.ch\/dervetter\/wp-content\/uploads\/2020\/09\/24_Verschraenkungen-765x1024.jpg 765w, https:\/\/konrad-vetter.ch\/dervetter\/wp-content\/uploads\/2020\/09\/24_Verschraenkungen-768x1028.jpg 768w, https:\/\/konrad-vetter.ch\/dervetter\/wp-content\/uploads\/2020\/09\/24_Verschraenkungen-1147x1536.jpg 1147w, https:\/\/konrad-vetter.ch\/dervetter\/wp-content\/uploads\/2020\/09\/24_Verschraenkungen.jpg 1513w\" sizes=\"(max-width: 224px) 100vw, 224px\" \/><\/a>\n\t\t\t<\/dt>\n\t\t\t\t<dd class='wp-caption-text gallery-caption' id='gallery-1-1430'>\n\t\t\t\tVerschr\u00e4nkungen\n\t\t\t\t<\/dd><\/dl><br style=\"clear: both\" \/><dl class='gallery-item'>\n\t\t\t<dt class='gallery-icon landscape'>\n\t\t\t\t<a data-elementor-open-lightbox=\"yes\" data-elementor-lightbox-slideshow=\"504e887\" data-elementor-lightbox-title=\"Verschr\u00e4nkungen\" data-elementor-lightbox-description=\"Farbstiften, Bleistift\" e-action-hash=\"#elementor-action%3Aaction%3Dlightbox%26settings%3DeyJpZCI6MTQyOSwidXJsIjoiaHR0cHM6XC9cL2tvbnJhZC12ZXR0ZXIuY2hcL2RlcnZldHRlclwvd3AtY29udGVudFwvdXBsb2Fkc1wvMjAyMFwvMDlcLzIyX1ZlcnNjaHJhZW5rdW5nZW4tc2NhbGVkLmpwZyIsInNsaWRlc2hvdyI6IjUwNGU4ODcifQ%3D%3D\" href='https:\/\/konrad-vetter.ch\/dervetter\/wp-content\/uploads\/2020\/09\/22_Verschraenkungen-scaled.jpg'><img width=\"300\" height=\"217\" src=\"https:\/\/konrad-vetter.ch\/dervetter\/wp-content\/uploads\/2020\/09\/22_Verschraenkungen-300x217.jpg\" class=\"attachment-medium size-medium\" alt=\"\" loading=\"lazy\" aria-describedby=\"gallery-1-1429\" srcset=\"https:\/\/konrad-vetter.ch\/dervetter\/wp-content\/uploads\/2020\/09\/22_Verschraenkungen-300x217.jpg 300w, https:\/\/konrad-vetter.ch\/dervetter\/wp-content\/uploads\/2020\/09\/22_Verschraenkungen-1024x740.jpg 1024w, https:\/\/konrad-vetter.ch\/dervetter\/wp-content\/uploads\/2020\/09\/22_Verschraenkungen-768x555.jpg 768w, https:\/\/konrad-vetter.ch\/dervetter\/wp-content\/uploads\/2020\/09\/22_Verschraenkungen-1536x1110.jpg 1536w, https:\/\/konrad-vetter.ch\/dervetter\/wp-content\/uploads\/2020\/09\/22_Verschraenkungen-2048x1481.jpg 2048w\" sizes=\"(max-width: 300px) 100vw, 300px\" \/><\/a>\n\t\t\t<\/dt>\n\t\t\t\t<dd class='wp-caption-text gallery-caption' id='gallery-1-1429'>\n\t\t\t\tVerschr\u00e4nkungen\n\t\t\t\t<\/dd><\/dl><dl class='gallery-item'>\n\t\t\t<dt class='gallery-icon landscape'>\n\t\t\t\t<a data-elementor-open-lightbox=\"yes\" data-elementor-lightbox-slideshow=\"504e887\" data-elementor-lightbox-title=\"Verschr\u00e4nkungen\" data-elementor-lightbox-description=\"Wasserfarben, Bleistift\" e-action-hash=\"#elementor-action%3Aaction%3Dlightbox%26settings%3DeyJpZCI6MTQyOCwidXJsIjoiaHR0cHM6XC9cL2tvbnJhZC12ZXR0ZXIuY2hcL2RlcnZldHRlclwvd3AtY29udGVudFwvdXBsb2Fkc1wvMjAyMFwvMDlcLzIwX1ZlcnNjaHJhZW5rdW5nZW4uanBnIiwic2xpZGVzaG93IjoiNTA0ZTg4NyJ9\" href='https:\/\/konrad-vetter.ch\/dervetter\/wp-content\/uploads\/2020\/09\/20_Verschraenkungen.jpg'><img width=\"300\" height=\"291\" src=\"https:\/\/konrad-vetter.ch\/dervetter\/wp-content\/uploads\/2020\/09\/20_Verschraenkungen-300x291.jpg\" class=\"attachment-medium size-medium\" alt=\"\" loading=\"lazy\" aria-describedby=\"gallery-1-1428\" srcset=\"https:\/\/konrad-vetter.ch\/dervetter\/wp-content\/uploads\/2020\/09\/20_Verschraenkungen-300x291.jpg 300w, https:\/\/konrad-vetter.ch\/dervetter\/wp-content\/uploads\/2020\/09\/20_Verschraenkungen-1024x993.jpg 1024w, https:\/\/konrad-vetter.ch\/dervetter\/wp-content\/uploads\/2020\/09\/20_Verschraenkungen-768x745.jpg 768w, https:\/\/konrad-vetter.ch\/dervetter\/wp-content\/uploads\/2020\/09\/20_Verschraenkungen-1536x1490.jpg 1536w, https:\/\/konrad-vetter.ch\/dervetter\/wp-content\/uploads\/2020\/09\/20_Verschraenkungen.jpg 1770w\" sizes=\"(max-width: 300px) 100vw, 300px\" \/><\/a>\n\t\t\t<\/dt>\n\t\t\t\t<dd class='wp-caption-text gallery-caption' id='gallery-1-1428'>\n\t\t\t\tVerschr\u00e4nkungen\n\t\t\t\t<\/dd><\/dl><dl class='gallery-item'>\n\t\t\t<dt class='gallery-icon portrait'>\n\t\t\t\t<a data-elementor-open-lightbox=\"yes\" data-elementor-lightbox-slideshow=\"504e887\" data-elementor-lightbox-title=\"Applikation\" data-elementor-lightbox-description=\"Fensterglas, Silberoxyd, Metall\" e-action-hash=\"#elementor-action%3Aaction%3Dlightbox%26settings%3DeyJpZCI6MjQ5NCwidXJsIjoiaHR0cHM6XC9cL2tvbnJhZC12ZXR0ZXIuY2hcL2RlcnZldHRlclwvd3AtY29udGVudFwvdXBsb2Fkc1wvMjAyMFwvMTBcLzE1X0FwcGxpa2F0aW9uLTEuanBnIiwic2xpZGVzaG93IjoiNTA0ZTg4NyJ9\" href='https:\/\/konrad-vetter.ch\/dervetter\/wp-content\/uploads\/2020\/10\/15_Applikation-1.jpg'><img width=\"262\" height=\"300\" src=\"https:\/\/konrad-vetter.ch\/dervetter\/wp-content\/uploads\/2020\/10\/15_Applikation-1-262x300.jpg\" class=\"attachment-medium size-medium\" alt=\"\" loading=\"lazy\" aria-describedby=\"gallery-1-2494\" srcset=\"https:\/\/konrad-vetter.ch\/dervetter\/wp-content\/uploads\/2020\/10\/15_Applikation-1-262x300.jpg 262w, https:\/\/konrad-vetter.ch\/dervetter\/wp-content\/uploads\/2020\/10\/15_Applikation-1-896x1024.jpg 896w, https:\/\/konrad-vetter.ch\/dervetter\/wp-content\/uploads\/2020\/10\/15_Applikation-1-768x878.jpg 768w, https:\/\/konrad-vetter.ch\/dervetter\/wp-content\/uploads\/2020\/10\/15_Applikation-1-1344x1536.jpg 1344w, https:\/\/konrad-vetter.ch\/dervetter\/wp-content\/uploads\/2020\/10\/15_Applikation-1.jpg 1476w\" sizes=\"(max-width: 262px) 100vw, 262px\" \/><\/a>\n\t\t\t<\/dt>\n\t\t\t\t<dd class='wp-caption-text gallery-caption' id='gallery-1-2494'>\n\t\t\t\tApplikation\n\t\t\t\t<\/dd><\/dl><br style=\"clear: both\" \/>\n\t\t<\/div>\n\t\t<\/div>\n\t\t\t\t<\/div>\n\t\t\t\t<\/div>\n\t\t\t\t\t\t<\/div>\n\t\t\t\t\t<\/div>\n\t\t<\/div>\n\t\t\t\t\t\t\t\t<\/div>\n\t\t\t\t\t<\/div>\n\t\t<\/section>\n\t\t\t\t\t\t\t\t\t<\/div>\n\t\t\t<\/div>\n\t\t\t\t\t<\/div>\n\t\t","protected":false},"excerpt":{"rendered":"<p>2005 Amor Infiniti Amor Infiniti Amor Infiniti das karolingische Kreuz Verschr\u00e4nkungen Verschr\u00e4nkungen Verschr\u00e4nkungen Verschr\u00e4nkungen Applikation<\/p>\n","protected":false},"author":1,"featured_media":0,"parent":0,"menu_order":61,"comment_status":"closed","ping_status":"closed","template":"elementor_header_footer","meta":[],"_links":{"self":[{"href":"https:\/\/konrad-vetter.ch\/dervetter\/wp-json\/wp\/v2\/pages\/1518"}],"collection":[{"href":"https:\/\/konrad-vetter.ch\/dervetter\/wp-json\/wp\/v2\/pages"}],"about":[{"href":"https:\/\/konrad-vetter.ch\/dervetter\/wp-json\/wp\/v2\/types\/page"}],"author":[{"embeddable":true,"href":"https:\/\/konrad-vetter.ch\/dervetter\/wp-json\/wp\/v2\/users\/1"}],"replies":[{"embeddable":true,"href":"https:\/\/konrad-vetter.ch\/dervetter\/wp-json\/wp\/v2\/comments?post=1518"}],"version-history":[{"count":4,"href":"https:\/\/konrad-vetter.ch\/dervetter\/wp-json\/wp\/v2\/pages\/1518\/revisions"}],"predecessor-version":[{"id":2495,"href":"https:\/\/konrad-vetter.ch\/dervetter\/wp-json\/wp\/v2\/pages\/1518\/revisions\/2495"}],"wp:attachment":[{"href":"https:\/\/konrad-vetter.ch\/dervetter\/wp-json\/wp\/v2\/media?parent=1518"}],"curies":[{"name":"wp","href":"https:\/\/api.w.org\/{rel}","templated":true}]}}